{"id":2341,"date":"2022-12-09T07:51:04","date_gmt":"2022-12-09T07:51:04","guid":{"rendered":"https:\/\/sembolins.com\/?page_id=2341"},"modified":"2022-12-09T07:51:04","modified_gmt":"2022-12-09T07:51:04","slug":"kariyer","status":"publish","type":"page","link":"https:\/\/sembolins.com\/index.php\/kariyer\/","title":{"rendered":"Kariyer"},"content":{"rendered":"<section class=\"wpb-content-wrapper\"><p>[vc_row][vc_column width=&#8221;1\/2&#8243;][vc_column_text]<\/p>\n<h4 class=\"w-iconbox-title\">\u0130K POL\u0130T\u0130KAMIZ<\/h4>\n<p>Sembol \u0130n\u015faat olarak i\u015fe al\u0131m ve kariyer planlama alanlar\u0131nda hi\u00e7bir ayr\u0131m g\u00f6zetmeksizin t\u00fcm \u00e7al\u0131\u015fanlara e\u015fit olanak ve hak sa\u011flar\u0131z. \u00c7al\u0131\u015fanlar\u0131m\u0131za y\u00fcksek standartlarda, g\u00fcvenli ve kendilerini s\u00fcrekli geli\u015ftirebilmelerine imkan tan\u0131yan i\u015f ortam\u0131 yaratmak birinci g\u00f6revimizdir.<\/p>\n<p>Her bir bireyin mutlaka \u00e7ok ba\u015far\u0131l\u0131 oldu\u011fu bir alan oldu\u011funa inanmak ve \u00d6nemli olan \u00e7al\u0131\u015fanlar\u0131n g\u00fc\u00e7l\u00fc yanlar\u0131n\u0131n belirlenip, kariyerlerini geli\u015ftirme s\u00fcrecinde onlara destek olmak Sembol \u0130n\u015faat\u2019\u0131n temel IK politikas\u0131d\u0131r.<\/p>\n<p><strong>Y\u00fcksek etik standartlar\u0131m\u0131z en \u00f6nemli de\u011ferimizdir<\/strong><br \/>\nSembol \u0130n\u015faat ; etik olmayan davran\u0131\u015flara, \u00e7al\u0131\u015f\u0131lan \u00fclkenin de\u011ferlerine ve kanunlar\u0131na, kurum k\u00fclt\u00fcr\u00fcne ayk\u0131r\u0131 tutum sergilenmesine tahamm\u00fcl etmez. T\u00fcm \u00e7al\u0131\u015fanlar, bu de\u011ferlere ve kurallara g\u00f6re hareket eder.<br \/>\nBa\u015far\u0131m\u0131z\u0131n; alan\u0131nda uzman \u00e7al\u0131\u015fanlardan olu\u015fmu\u015f ekiplerden geldi\u011fini biliyoruz, bunun i\u00e7in insan kayna\u011f\u0131m\u0131z ve onlar\u0131n g\u00fcvenli\u011fi yapt\u0131\u011f\u0131m\u0131z her i\u015fte ilk \u00f6nceli\u011fimizdir.<\/p>\n<h4 class=\"w-iconbox-title\">\u0130K V\u0130ZYON<\/h4>\n<p>Farkl\u0131 bak\u0131\u015f a\u00e7\u0131lar\u0131na sahip yeteneklerin bir arada uyumlu \u00e7al\u0131\u015fmas\u0131n\u0131 sa\u011flayarak, olu\u015facak fikir \u00e7e\u015fitliliklerini i\u015f yap\u0131\u015f \u015feklimizde global piyasalarda rekabet\u00e7i avantajlara \u00e7evirmektir.<\/p>\n<h4 class=\"w-iconbox-title\">\u0130K M\u0130SYON<\/h4>\n<p>Uzmanl\u0131k alanlar\u0131yla ilgili idealist d\u00fc\u015f\u00fcnce ve yakla\u015f\u0131mlara sahip yeteneklerin b\u00fcnyemize kat\u0131lmas\u0131n\u0131 ve devaml\u0131l\u0131\u011f\u0131n\u0131 sa\u011flarken, uluslar aras\u0131 piyasalardaki m\u00fc\u015fterilerimizin \u00e7e\u015fitli beklentilerini kar\u015f\u0131layacak yeniliklere a\u00e7\u0131k bir \u00e7al\u0131\u015fan k\u00fclt\u00fcr\u00fc olu\u015fturmakt\u0131r.[\/vc_column_text][\/vc_column][vc_column width=&#8221;1\/2&#8243;][vc_column_text]<\/p>\n<h4 class=\"w-iconbox-title\">NASIL BA\u015eVURAB\u0130L\u0130R\u0130M<\/h4>\n<p>\u00d6zge\u00e7mi\u015finizi\u00a0<a href=\"mailto:hr@sembolinsaat.com.tr\"><strong>hr@sembolinsaat.com.tr<\/strong><\/a>\u00a0adresimize e-mail g\u00f6ndererek veya<br \/>\n<a href=\"https:\/\/cv.sembolinsaat.com.tr\/\"><strong>https:\/\/cv.sembolinsaat.com.tr<\/strong><\/a>\u00a0adresinden \u00f6zge\u00e7mi\u015finizi olu\u015fturarak ba\u015fvuruda bulunabilirsiniz.<\/p>\n<p>\u015eirketimize genel ba\u015fvuru yapabilir; mevcut kariyer f\u0131rsatlar\u0131na da www.kariyer.net sitesinden ula\u015fabilirsiniz.<\/p>\n<p>\u00d6z ge\u00e7mi\u015finizin bize ula\u015fmas\u0131 ile birlikte ba\u015fvurunuz \u00f6n de\u011ferlendirmeye al\u0131n\u0131r.<br \/>\nBa\u015fvurdu\u011funuz pozisyonda aranan \u00f6zellikler ile niteliklerinizin \u00f6rt\u00fc\u015fmesi ve olumlu bulunmas\u0131 durumunda sizinle irtibata ge\u00e7ilir.<\/p>\n<p>Genel ba\u015fvurular ise ileride olu\u015fabilecek t\u00fcm pozisyonlar i\u00e7in kay\u0131t alt\u0131na al\u0131n\u0131r ve ihtiya\u00e7 halinde de\u011ferlendirilir.[\/vc_column_text][\/vc_column][\/vc_row]<\/p>\n<\/section>","protected":false},"excerpt":{"rendered":"<p>[vc_row][vc_column width=&#8221;1\/2&#8243;][vc_column_text] \u0130K POL\u0130T\u0130KAMIZ Sembol \u0130n\u015faat olarak i\u015fe al\u0131m ve kariyer planlama alanlar\u0131nda hi\u00e7bir ayr\u0131m g\u00f6zetmeksizin t\u00fcm \u00e7al\u0131\u015fanlara e\u015fit olanak ve hak sa\u011flar\u0131z. \u00c7al\u0131\u015fanlar\u0131m\u0131za y\u00fcksek standartlarda, g\u00fcvenli ve kendilerini s\u00fcrekli geli\u015ftirebilmelerine imkan tan\u0131yan i\u015f ortam\u0131 yaratmak birinci g\u00f6revimizdir. Her bir bireyin mutlaka \u00e7ok ba\u015far\u0131l\u0131 oldu\u011fu bir alan oldu\u011funa inanmak ve \u00d6nemli olan \u00e7al\u0131\u015fanlar\u0131n g\u00fc\u00e7l\u00fc yanlar\u0131n\u0131n<\/p>\n<div class=\"bottom-meta\">\n  <a href=\"https:\/\/sembolins.com\/index.php\/kariyer\/\"><span class=\"text-more\">Read More<\/span><\/a><\/div>\n","protected":false},"author":1,"featured_media":0,"parent":0,"menu_order":0,"comment_status":"closed","ping_status":"closed","template":"","meta":[],"_links":{"self":[{"href":"https:\/\/sembolins.com\/index.php\/wp-json\/wp\/v2\/pages\/2341"}],"collection":[{"href":"https:\/\/sembolins.com\/index.php\/wp-json\/wp\/v2\/pages"}],"about":[{"href":"https:\/\/sembolins.com\/index.php\/wp-json\/wp\/v2\/types\/page"}],"author":[{"embeddable":true,"href":"https:\/\/sembolins.com\/index.php\/wp-json\/wp\/v2\/users\/1"}],"replies":[{"embeddable":true,"href":"https:\/\/sembolins.com\/index.php\/wp-json\/wp\/v2\/comments?post=2341"}],"version-history":[{"count":1,"href":"https:\/\/sembolins.com\/index.php\/wp-json\/wp\/v2\/pages\/2341\/revisions"}],"predecessor-version":[{"id":2342,"href":"https:\/\/sembolins.com\/index.php\/wp-json\/wp\/v2\/pages\/2341\/revisions\/2342"}],"wp:attachment":[{"href":"https:\/\/sembolins.com\/index.php\/wp-json\/wp\/v2\/media?parent=2341"}],"curies":[{"name":"wp","href":"https:\/\/api.w.org\/{rel}","templated":true}]}}