{"id":2244,"date":"2015-11-16T16:05:30","date_gmt":"2015-11-16T16:05:30","guid":{"rendered":"http:\/\/klbtheme.com\/invento\/?page_id=10"},"modified":"2015-11-16T16:05:30","modified_gmt":"2015-11-16T16:05:30","slug":"home-default","status":"publish","type":"page","link":"https:\/\/sembolins.com\/index.php\/home-default\/","title":{"rendered":"Home Default"},"content":{"rendered":"<section class=\"wpb-content-wrapper\"><p>[vc_row css=&#8221;.vc_custom_1448252524050{margin-top: -60px !important;}&#8221;][vc_column]<section id=\"folio\" class=\"page full-width\">\r\n               <section class=\" padding-bottom-off\">\r\n                  \r\n               <section id=\"portfolio-items\" class=\"portfolio-items col-5 \" ><article class=\" egitim  mix mix_all\"><div class=\"work-item-move slideUp3x lazy-image img\"><div class=\"lazy\"><i class=\"G G_1\"><\/i><i class=\"G G_2\"><\/i><i class=\"G G_3\"><\/i><i class=\"G G_4\"><\/i><i class=\"G G_5\"><\/i><i class=\"G G_6\"><\/i><i class=\"G G_7\"><\/i><i class=\"G G_8\"><\/i><\/div><img src=\"https:\/\/sembolins.com\/wp-content\/uploads\/2022\/12\/slider3-1-497x365.jpg\" alt=\"Nur-Sultan Nazarbayev \u00dcniversitesi\" \/><a href=\"https:\/\/sembolins.com\/index.php\/portfolio\/nur-sultan-nazarbayev-universitesi\/\"><div class=\"image-extra\"><div class=\"extra-content\"><h2 class=\"extra-title\">Nur-Sultan Nazarbayev \u00dcniversitesi<\/h2><h6 class=\"extra-descript\">Egitim<\/h6><\/div><\/div><\/a><\/div><\/article><article class=\" egitim  mix mix_all\"><div class=\"work-item-move slideUp3x lazy-image img\"><div class=\"lazy\"><i class=\"G G_1\"><\/i><i class=\"G G_2\"><\/i><i class=\"G G_3\"><\/i><i class=\"G G_4\"><\/i><i class=\"G G_5\"><\/i><i class=\"G G_6\"><\/i><i class=\"G G_7\"><\/i><i class=\"G G_8\"><\/i><\/div><img src=\"https:\/\/sembolins.com\/wp-content\/uploads\/2022\/12\/harp1-497x365.jpg\" alt=\"Milli Savunma \u00dcniversitesi\" \/><a href=\"https:\/\/sembolins.com\/index.php\/portfolio\/milli-savunma-universitesi\/\"><div class=\"image-extra\"><div class=\"extra-content\"><h2 class=\"extra-title\">Milli Savunma \u00dcniversitesi<\/h2><h6 class=\"extra-descript\">Egitim<\/h6><\/div><\/div><\/a><\/div><\/article><article class=\" oteller-resorts  mix mix_all\"><div class=\"work-item-move slideUp3x lazy-image img\"><div class=\"lazy\"><i class=\"G G_1\"><\/i><i class=\"G G_2\"><\/i><i class=\"G G_3\"><\/i><i class=\"G G_4\"><\/i><i class=\"G G_5\"><\/i><i class=\"G G_6\"><\/i><i class=\"G G_7\"><\/i><i class=\"G G_8\"><\/i><\/div><img src=\"https:\/\/sembolins.com\/wp-content\/uploads\/2022\/12\/myra3-497x365.jpeg\" alt=\"Mriya Otel ve Tatil Kompleksi\" \/><a href=\"https:\/\/sembolins.com\/index.php\/portfolio\/mriya-otel-ve-tatil-kompleksi\/\"><div class=\"image-extra\"><div class=\"extra-content\"><h2 class=\"extra-title\">Mriya Otel ve Tatil Kompleksi<\/h2><h6 class=\"extra-descript\">Oteller &amp; Resorts<\/h6><\/div><\/div><\/a><\/div><\/article><article class=\" oteller-resorts  mix mix_all\"><div class=\"work-item-move slideUp3x lazy-image img\"><div class=\"lazy\"><i class=\"G G_1\"><\/i><i class=\"G G_2\"><\/i><i class=\"G G_3\"><\/i><i class=\"G G_4\"><\/i><i class=\"G G_5\"><\/i><i class=\"G G_6\"><\/i><i class=\"G G_7\"><\/i><i class=\"G G_8\"><\/i><\/div><img src=\"https:\/\/sembolins.com\/wp-content\/uploads\/2022\/12\/aycha1-497x365.jpg\" alt=\"Papillon Ayscha\" \/><a href=\"https:\/\/sembolins.com\/index.php\/portfolio\/papillon-ayscha\/\"><div class=\"image-extra\"><div class=\"extra-content\"><h2 class=\"extra-title\">Papillon Ayscha<\/h2><h6 class=\"extra-descript\">Oteller &amp; Resorts<\/h6><\/div><\/div><\/a><\/div><\/article><article class=\" oteller-resorts  mix mix_all\"><div class=\"work-item-move slideUp3x lazy-image img\"><div class=\"lazy\"><i class=\"G G_1\"><\/i><i class=\"G G_2\"><\/i><i class=\"G G_3\"><\/i><i class=\"G G_4\"><\/i><i class=\"G G_5\"><\/i><i class=\"G G_6\"><\/i><i class=\"G G_7\"><\/i><i class=\"G G_8\"><\/i><\/div><img src=\"https:\/\/sembolins.com\/wp-content\/uploads\/2022\/12\/tekirova1-1-497x365.jpg\" alt=\"Rixos Tekirova\" \/><a href=\"https:\/\/sembolins.com\/index.php\/portfolio\/rixos-tekirova\/\"><div class=\"image-extra\"><div class=\"extra-content\"><h2 class=\"extra-title\">Rixos Tekirova<\/h2><h6 class=\"extra-descript\">Oteller &amp; Resorts<\/h6><\/div><\/div><\/a><\/div><\/article><article class=\" oteller-resorts  mix mix_all\"><div class=\"work-item-move slideUp3x lazy-image img\"><div class=\"lazy\"><i class=\"G G_1\"><\/i><i class=\"G G_2\"><\/i><i class=\"G G_3\"><\/i><i class=\"G G_4\"><\/i><i class=\"G G_5\"><\/i><i class=\"G G_6\"><\/i><i class=\"G G_7\"><\/i><i class=\"G G_8\"><\/i><\/div><img src=\"https:\/\/sembolins.com\/wp-content\/uploads\/2022\/12\/bodrum1-1-497x365.jpg\" alt=\"Rixos Premium Bodrum\" \/><a href=\"https:\/\/sembolins.com\/index.php\/portfolio\/rixos-premium-bodrum\/\"><div class=\"image-extra\"><div class=\"extra-content\"><h2 class=\"extra-title\">Rixos Premium Bodrum<\/h2><h6 class=\"extra-descript\">Oteller &amp; Resorts<\/h6><\/div><\/div><\/a><\/div><\/article><article class=\" oteller-resorts  mix mix_all\"><div class=\"work-item-move slideUp3x lazy-image img\"><div class=\"lazy\"><i class=\"G G_1\"><\/i><i class=\"G G_2\"><\/i><i class=\"G G_3\"><\/i><i class=\"G G_4\"><\/i><i class=\"G G_5\"><\/i><i class=\"G G_6\"><\/i><i class=\"G G_7\"><\/i><i class=\"G G_8\"><\/i><\/div><img src=\"https:\/\/sembolins.com\/wp-content\/uploads\/2022\/12\/astana1-497x365.jpg\" alt=\"Rixos President Astana\" \/><a href=\"https:\/\/sembolins.com\/index.php\/portfolio\/rixos-president-astana\/\"><div class=\"image-extra\"><div class=\"extra-content\"><h2 class=\"extra-title\">Rixos President Astana<\/h2><h6 class=\"extra-descript\">Oteller &amp; Resorts<\/h6><\/div><\/div><\/a><\/div><\/article><article class=\" oteller-resorts  mix mix_all\"><div class=\"work-item-move slideUp3x lazy-image img\"><div class=\"lazy\"><i class=\"G G_1\"><\/i><i class=\"G G_2\"><\/i><i class=\"G G_3\"><\/i><i class=\"G G_4\"><\/i><i class=\"G G_5\"><\/i><i class=\"G G_6\"><\/i><i class=\"G G_7\"><\/i><i class=\"G G_8\"><\/i><\/div><img src=\"https:\/\/sembolins.com\/wp-content\/uploads\/2022\/12\/libertas1-497x365.jpg\" alt=\"Rixos Libertas Dubrovnik\" \/><a href=\"https:\/\/sembolins.com\/index.php\/portfolio\/rixos-libertas-dubrovnik\/\"><div class=\"image-extra\"><div class=\"extra-content\"><h2 class=\"extra-title\">Rixos Libertas Dubrovnik<\/h2><h6 class=\"extra-descript\">Oteller &amp; Resorts<\/h6><\/div><\/div><\/a><\/div><\/article><article class=\" oteller-resorts  mix mix_all\"><div class=\"work-item-move slideUp3x lazy-image img\"><div class=\"lazy\"><i class=\"G G_1\"><\/i><i class=\"G G_2\"><\/i><i class=\"G G_3\"><\/i><i class=\"G G_4\"><\/i><i class=\"G G_5\"><\/i><i class=\"G G_6\"><\/i><i class=\"G G_7\"><\/i><i class=\"G G_8\"><\/i><\/div><img src=\"https:\/\/sembolins.com\/wp-content\/uploads\/2022\/12\/alnasr1-497x365.jpg\" alt=\"Rixos Al Nasr Tripoli\" \/><a href=\"https:\/\/sembolins.com\/index.php\/portfolio\/rixos-al-nasr-tripoli\/\"><div class=\"image-extra\"><div class=\"extra-content\"><h2 class=\"extra-title\">Rixos Al Nasr Tripoli<\/h2><h6 class=\"extra-descript\">Oteller &amp; Resorts<\/h6><\/div><\/div><\/a><\/div><\/article><article class=\" oteller-resorts  mix mix_all\"><div class=\"work-item-move slideUp3x lazy-image img\"><div class=\"lazy\"><i class=\"G G_1\"><\/i><i class=\"G G_2\"><\/i><i class=\"G G_3\"><\/i><i class=\"G G_4\"><\/i><i class=\"G G_5\"><\/i><i class=\"G G_6\"><\/i><i class=\"G G_7\"><\/i><i class=\"G G_8\"><\/i><\/div><img src=\"https:\/\/sembolins.com\/wp-content\/uploads\/2022\/12\/almaty1-497x365.jpg\" alt=\"Rixos Almaty\" \/><a href=\"https:\/\/sembolins.com\/index.php\/portfolio\/rixos-almaty\/\"><div class=\"image-extra\"><div class=\"extra-content\"><h2 class=\"extra-title\">Rixos Almaty<\/h2><h6 class=\"extra-descript\">Oteller &amp; Resorts<\/h6><\/div><\/div><\/a><\/div><\/article><article class=\" oteller-resorts  mix mix_all\"><div class=\"work-item-move slideUp3x lazy-image img\"><div class=\"lazy\"><i class=\"G G_1\"><\/i><i class=\"G G_2\"><\/i><i class=\"G G_3\"><\/i><i class=\"G G_4\"><\/i><i class=\"G G_5\"><\/i><i class=\"G G_6\"><\/i><i class=\"G G_7\"><\/i><i class=\"G G_8\"><\/i><\/div><img src=\"https:\/\/sembolins.com\/wp-content\/uploads\/2022\/12\/1-1-1-1-497x365.jpg\" alt=\"T\u00fcrkistan Karavansaray\" \/><a href=\"https:\/\/sembolins.com\/index.php\/portfolio\/turkistan-karavansaray\/\"><div class=\"image-extra\"><div class=\"extra-content\"><h2 class=\"extra-title\">T\u00fcrkistan Karavansaray<\/h2><h6 class=\"extra-descript\">Oteller &amp; Resorts<\/h6><\/div><\/div><\/a><\/div><\/article><article class=\" alisveris-merkezi-ticari-binalar  mix mix_all\"><div class=\"work-item-move slideUp3x lazy-image img\"><div class=\"lazy\"><i class=\"G G_1\"><\/i><i class=\"G G_2\"><\/i><i class=\"G G_3\"><\/i><i class=\"G G_4\"><\/i><i class=\"G G_5\"><\/i><i class=\"G G_6\"><\/i><i class=\"G G_7\"><\/i><i class=\"G G_8\"><\/i><\/div><img src=\"https:\/\/sembolins.com\/wp-content\/uploads\/2022\/12\/han13-497x365.jpg\" alt=\"Han \u00c7ad\u0131r\u0131 Al\u0131\u015fveri\u015f ve E\u011flence Merkezi\" \/><a href=\"https:\/\/sembolins.com\/index.php\/portfolio\/han-cadiri-alisveris-ve-eglence-merkezi\/\"><div class=\"image-extra\"><div class=\"extra-content\"><h2 class=\"extra-title\">Han \u00c7ad\u0131r\u0131 Al\u0131\u015fveri\u015f ve E\u011flence Merkezi<\/h2><h6 class=\"extra-descript\">Alisveris Merkezi &amp; Ticari Binalar<\/h6><\/div><\/div><\/a><\/div><\/article><article class=\" kamu-binalari  mix mix_all\"><div class=\"work-item-move slideUp3x lazy-image img\"><div class=\"lazy\"><i class=\"G G_1\"><\/i><i class=\"G G_2\"><\/i><i class=\"G G_3\"><\/i><i class=\"G G_4\"><\/i><i class=\"G G_5\"><\/i><i class=\"G G_6\"><\/i><i class=\"G G_7\"><\/i><i class=\"G G_8\"><\/i><\/div><img src=\"https:\/\/sembolins.com\/wp-content\/uploads\/2022\/12\/media3-497x365.jpg\" alt=\"Astana Medya Merkezi\" \/><a href=\"https:\/\/sembolins.com\/index.php\/portfolio\/astana-medya-merkezi\/\"><div class=\"image-extra\"><div class=\"extra-content\"><h2 class=\"extra-title\">Astana Medya Merkezi<\/h2><h6 class=\"extra-descript\">Kamu Binalari<\/h6><\/div><\/div><\/a><\/div><\/article><article class=\" ortak-kullanim  mix mix_all\"><div class=\"work-item-move slideUp3x lazy-image img\"><div class=\"lazy\"><i class=\"G G_1\"><\/i><i class=\"G G_2\"><\/i><i class=\"G G_3\"><\/i><i class=\"G G_4\"><\/i><i class=\"G G_5\"><\/i><i class=\"G G_6\"><\/i><i class=\"G G_7\"><\/i><i class=\"G G_8\"><\/i><\/div><img src=\"https:\/\/sembolins.com\/wp-content\/uploads\/2022\/12\/residence1-497x365.jpg\" alt=\"Han \u00c7ad\u0131r\u0131 Rezidans ve \u0130\u015f Merkezi\" \/><a href=\"https:\/\/sembolins.com\/index.php\/portfolio\/han-cadiri-rezidans-ve-is-merkezi\/\"><div class=\"image-extra\"><div class=\"extra-content\"><h2 class=\"extra-title\">Han \u00c7ad\u0131r\u0131 Rezidans ve \u0130\u015f Merkezi<\/h2><h6 class=\"extra-descript\">Ortak Kullanim<\/h6><\/div><\/div><\/a><\/div><\/article><article class=\" kamu-binalari  mix mix_all\"><div class=\"work-item-move slideUp3x lazy-image img\"><div class=\"lazy\"><i class=\"G G_1\"><\/i><i class=\"G G_2\"><\/i><i class=\"G G_3\"><\/i><i class=\"G G_4\"><\/i><i class=\"G G_5\"><\/i><i class=\"G G_6\"><\/i><i class=\"G G_7\"><\/i><i class=\"G G_8\"><\/i><\/div><img src=\"https:\/\/sembolins.com\/wp-content\/uploads\/2022\/12\/piramit-497x365.jpg\" alt=\"Bar\u0131\u015f Saray\u0131\" \/><a href=\"https:\/\/sembolins.com\/index.php\/portfolio\/baris-sarayi\/\"><div class=\"image-extra\"><div class=\"extra-content\"><h2 class=\"extra-title\">Bar\u0131\u015f Saray\u0131<\/h2><h6 class=\"extra-descript\">Kamu Binalari<\/h6><\/div><\/div><\/a><\/div><\/article><article class=\" kamu-binalari  mix mix_all\"><div class=\"work-item-move slideUp3x lazy-image img\"><div class=\"lazy\"><i class=\"G G_1\"><\/i><i class=\"G G_2\"><\/i><i class=\"G G_3\"><\/i><i class=\"G G_4\"><\/i><i class=\"G G_5\"><\/i><i class=\"G G_6\"><\/i><i class=\"G G_7\"><\/i><i class=\"G G_8\"><\/i><\/div><img src=\"https:\/\/sembolins.com\/wp-content\/uploads\/2022\/12\/palace1-1-497x365.jpg\" alt=\"Ba\u011f\u0131ms\u0131zl\u0131k Saray\u0131\" \/><a href=\"https:\/\/sembolins.com\/index.php\/portfolio\/bagimsizlik-sarayi\/\"><div class=\"image-extra\"><div class=\"extra-content\"><h2 class=\"extra-title\">Ba\u011f\u0131ms\u0131zl\u0131k Saray\u0131<\/h2><h6 class=\"extra-descript\">Kamu Binalari<\/h6><\/div><\/div><\/a><\/div><\/article><article class=\" kamu-binalari  mix mix_all\"><div class=\"work-item-move slideUp3x lazy-image img\"><div class=\"lazy\"><i class=\"G G_1\"><\/i><i class=\"G G_2\"><\/i><i class=\"G G_3\"><\/i><i class=\"G G_4\"><\/i><i class=\"G G_5\"><\/i><i class=\"G G_6\"><\/i><i class=\"G G_7\"><\/i><i class=\"G G_8\"><\/i><\/div><img src=\"https:\/\/sembolins.com\/wp-content\/uploads\/2022\/12\/icc1-497x365.jpg\" alt=\"\u0130stanbul Kongre Merkezi\" \/><a href=\"https:\/\/sembolins.com\/index.php\/portfolio\/istanbul-kongre-merkezi\/\"><div class=\"image-extra\"><div class=\"extra-content\"><h2 class=\"extra-title\">\u0130stanbul Kongre Merkezi<\/h2><h6 class=\"extra-descript\">Kamu Binalari<\/h6><\/div><\/div><\/a><\/div><\/article><article class=\" alisveris-merkezi-ticari-binalar  mix mix_all\"><div class=\"work-item-move slideUp3x lazy-image img\"><div class=\"lazy\"><i class=\"G G_1\"><\/i><i class=\"G G_2\"><\/i><i class=\"G G_3\"><\/i><i class=\"G G_4\"><\/i><i class=\"G G_5\"><\/i><i class=\"G G_6\"><\/i><i class=\"G G_7\"><\/i><i class=\"G G_8\"><\/i><\/div><img src=\"https:\/\/sembolins.com\/wp-content\/uploads\/2022\/12\/park2-497x365.jpg\" alt=\"Parkview Ofisleri\" \/><a href=\"https:\/\/sembolins.com\/index.php\/portfolio\/parkview-ofisleri\/\"><div class=\"image-extra\"><div class=\"extra-content\"><h2 class=\"extra-title\">Parkview Ofisleri<\/h2><h6 class=\"extra-descript\">Alisveris Merkezi &amp; Ticari Binalar<\/h6><\/div><\/div><\/a><\/div><\/article><article class=\" oteller-resorts  mix mix_all\"><div class=\"work-item-move slideUp3x lazy-image img\"><div class=\"lazy\"><i class=\"G G_1\"><\/i><i class=\"G G_2\"><\/i><i class=\"G G_3\"><\/i><i class=\"G G_4\"><\/i><i class=\"G G_5\"><\/i><i class=\"G G_6\"><\/i><i class=\"G G_7\"><\/i><i class=\"G G_8\"><\/i><\/div><img src=\"https:\/\/sembolins.com\/wp-content\/uploads\/2022\/12\/zabel15-497x365.jpg\" alt=\"Zabeel Saray\" \/><a href=\"https:\/\/sembolins.com\/index.php\/portfolio\/zabeel-saray\/\"><div class=\"image-extra\"><div class=\"extra-content\"><h2 class=\"extra-title\">Zabeel Saray<\/h2><h6 class=\"extra-descript\">Oteller &amp; Resorts<\/h6><\/div><\/div><\/a><\/div><\/article><article class=\" ortak-kullanim  mix mix_all\"><div class=\"work-item-move slideUp3x lazy-image img\"><div class=\"lazy\"><i class=\"G G_1\"><\/i><i class=\"G G_2\"><\/i><i class=\"G G_3\"><\/i><i class=\"G G_4\"><\/i><i class=\"G G_5\"><\/i><i class=\"G G_6\"><\/i><i class=\"G G_7\"><\/i><i class=\"G G_8\"><\/i><\/div><img src=\"https:\/\/sembolins.com\/wp-content\/uploads\/2022\/12\/54villa1-497x365.jpg\" alt=\"Sirte 54 VIP Villalari\" \/><a href=\"https:\/\/sembolins.com\/index.php\/portfolio\/sirte-54-vip-villalari\/\"><div class=\"image-extra\"><div class=\"extra-content\"><h2 class=\"extra-title\">Sirte 54 VIP Villalari<\/h2><h6 class=\"extra-descript\">Ortak Kullanim<\/h6><\/div><\/div><\/a><\/div><\/article><\/section><div class=\"portfolio-paging\"><\/div>\r\n               <\/section>\r\n             <\/section>[\/vc_column][\/vc_row][vc_row][vc_column][vc_empty_space height=&#8221;80px&#8221;][\/vc_column][\/vc_row][vc_row css=&#8221;.vc_custom_1448252165397{margin-bottom: 60px !important;}&#8221;][vc_column] <div class=\"latest-news opacity\">\r\n\t            \r\n                <div class=\"container\">\r\n                 \t<div class=\"row\">\r\n                        <div class=\"col-xs-12\">\r\n                            <div class=\"section-title\" >\r\n                               <h3>OUR LATEST NEWS<\/h3>\r\n                                <h4>be always on the wave of latest news and updates<\/h4>\r\n                            <\/div>\t\t\t\t\t\t\t\r\n                        <\/div>\r\n                    <\/div>\r\n\t\t\t\t\t<div class=\"row\"><div class=\"carousel\"><div id=\"owl-slider\" class=\"owl-slider\"><div class=\"item\"><div class=\"article-thumb\"><a href=\"https:\/\/sembolins.com\/index.php\/2015\/11\/27\/speed-photography\/\"><img src=\"https:\/\/sembolins.com\/wp-content\/uploads\/2015\/11\/blog-img-31-337x289.jpg\" alt=\"Speed Photography\"><\/a><\/div><div class=\"article-content\"><div class=\"entry-body\"><div class=\"entry-meta with-icon\"><h4 class=\"entry-title camera\"><a href=\"https:\/\/sembolins.com\/index.php\/2015\/11\/27\/speed-photography\/\">Speed Photography<\/a><\/h4><span class=\"entry-date\">November 27, 2015<\/span>\t<\/div><div class=\"entry-excerpt\"><p>Lorem ipsum dolor sit amet consectetur adipiscing elit. Cras ut dui pharetra, vulputate tortor vitae,<\/p><\/div><div class=\"bottom-meta\"><a href=\"https:\/\/sembolins.com\/index.php\/2015\/11\/27\/speed-photography\/\"><span class=\"text-more\">Read More<\/span><\/a><a href=\"#\" class=\"jm-post-like entry-like\" data-post_id=\"1667\" title=\"Like\"><i class=\"fa fa-heart-o icon-unlike \"><\/i>2<\/a><\/div><\/div><\/div><\/div><div class=\"item\"><div class=\"article-thumb\"><a href=\"https:\/\/sembolins.com\/index.php\/2015\/11\/26\/post-with-vimeo\/\"><img src=\"https:\/\/sembolins.com\/wp-content\/uploads\/2015\/11\/blog-img-41-337x289.jpg\" alt=\"Post With Vimeo\"><\/a><\/div><div class=\"article-content\"><div class=\"entry-body\"><div class=\"entry-meta with-icon\"><h4 class=\"entry-title video-1\"><a href=\"https:\/\/sembolins.com\/index.php\/2015\/11\/26\/post-with-vimeo\/\">Post With Vimeo<\/a><\/h4><span class=\"entry-date\">November 26, 2015<\/span>\t<\/div><div class=\"entry-excerpt\"><p>Lorem ipsum dolor sit amet consectetur adipiscing elit. Cras ut dui pharetra, vulputate tortor vitae,<\/p><\/div><div class=\"bottom-meta\"><a href=\"https:\/\/sembolins.com\/index.php\/2015\/11\/26\/post-with-vimeo\/\"><span class=\"text-more\">Read More<\/span><\/a><a href=\"#\" class=\"jm-post-like entry-like\" data-post_id=\"1650\" title=\"Like\"><i class=\"fa fa-heart-o icon-unlike \"><\/i>1<\/a><\/div><\/div><\/div><\/div><div class=\"item\"><div class=\"article-thumb\"><a href=\"https:\/\/sembolins.com\/index.php\/2015\/11\/21\/post-with-gallery\/\"><img src=\"https:\/\/sembolins.com\/wp-content\/uploads\/2015\/11\/71-337x289.jpg\" alt=\"Post With Gallery\"><\/a><\/div><div class=\"article-content\"><div class=\"entry-body\"><div class=\"entry-meta with-icon\"><h4 class=\"entry-title camera\"><a href=\"https:\/\/sembolins.com\/index.php\/2015\/11\/21\/post-with-gallery\/\">Post With Gallery<\/a><\/h4><span class=\"entry-date\">November 21, 2015<\/span>\t<\/div><div class=\"entry-excerpt\"><p>Lorem ipsum dolor sit amet consectetur adipiscing elit. Cras ut dui pharetra, vulputate tortor vitae,<\/p><\/div><div class=\"bottom-meta\"><a href=\"https:\/\/sembolins.com\/index.php\/2015\/11\/21\/post-with-gallery\/\"><span class=\"text-more\">Read More<\/span><\/a><a href=\"#\" class=\"jm-post-like entry-like\" data-post_id=\"1367\" title=\"Like\"><i class=\"fa fa-heart-o icon-unlike \"><\/i>2<\/a><\/div><\/div><\/div><\/div><div class=\"item\"><div class=\"article-thumb\"><a href=\"https:\/\/sembolins.com\/index.php\/2015\/11\/21\/post-with-audio\/\"><img src=\"https:\/\/sembolins.com\/wp-content\/uploads\/2015\/11\/blog-img-22-337x289.jpg\" alt=\"Post With Audio\"><\/a><\/div><div class=\"article-content\"><div class=\"entry-body\"><div class=\"entry-meta with-icon\"><h4 class=\"entry-title music\"><a href=\"https:\/\/sembolins.com\/index.php\/2015\/11\/21\/post-with-audio\/\">Post With Audio<\/a><\/h4><span class=\"entry-date\">November 21, 2015<\/span>\t<\/div><div class=\"entry-excerpt\"><p>Lorem ipsum dolor sit amet consectetur adipiscing elit. Cras ut dui pharetra, vulputate tortor vitae,<\/p><\/div><div class=\"bottom-meta\"><a href=\"https:\/\/sembolins.com\/index.php\/2015\/11\/21\/post-with-audio\/\"><span class=\"text-more\">Read More<\/span><\/a><a href=\"#\" class=\"jm-post-like entry-like\" data-post_id=\"1362\" title=\"Like\"><i class=\"fa fa-heart-o icon-unlike \"><\/i>3<\/a><\/div><\/div><\/div><\/div><div class=\"item\"><div class=\"article-thumb\"><a href=\"https:\/\/sembolins.com\/index.php\/2015\/11\/21\/post-with-video\/\"><img src=\"https:\/\/sembolins.com\/wp-content\/uploads\/2015\/11\/home-img-1-337x289.jpg\" alt=\"Post With Video\"><\/a><\/div><div class=\"article-content\"><div class=\"entry-body\"><div class=\"entry-meta with-icon\"><h4 class=\"entry-title video-1\"><a href=\"https:\/\/sembolins.com\/index.php\/2015\/11\/21\/post-with-video\/\">Post With Video<\/a><\/h4><span class=\"entry-date\">November 21, 2015<\/span>\t<\/div><div class=\"entry-excerpt\"><p>Lorem ipsum dolor sit amet consectetur adipiscing elit. Cras ut dui pharetra, vulputate tortor vitae,<\/p><\/div><div class=\"bottom-meta\"><a href=\"https:\/\/sembolins.com\/index.php\/2015\/11\/21\/post-with-video\/\"><span class=\"text-more\">Read More<\/span><\/a><a href=\"#\" class=\"jm-post-like entry-like\" data-post_id=\"1359\" title=\"Like\"><i class=\"fa fa-heart-o icon-unlike \"><\/i>2<\/a><\/div><\/div><\/div><\/div><\/div><\/div><\/div><\/div><\/div>[\/vc_column][\/vc_row]<\/p>\n<\/section>","protected":false},"excerpt":{"rendered":"<p>[vc_row css=&#8221;.vc_custom_1448252524050{margin-top: -60px !important;}&#8221;][vc_column][\/vc_column][\/vc_row][vc_row][vc_column][vc_empty_space height=&#8221;80px&#8221;][\/vc_column][\/vc_row][vc_row css=&#8221;.vc_custom_1448252165397{margin-bottom: 60px !important;}&#8221;][vc_column][\/vc_column][\/vc_row]<\/p>\n","protected":false},"author":1,"featured_media":0,"parent":0,"menu_order":0,"comment_status":"closed","ping_status":"closed","template":"frontpage.php","meta":[],"_links":{"self":[{"href":"https:\/\/sembolins.com\/index.php\/wp-json\/wp\/v2\/pages\/2244"}],"collection":[{"href":"https:\/\/sembolins.com\/index.php\/wp-json\/wp\/v2\/pages"}],"about":[{"href":"https:\/\/sembolins.com\/index.php\/wp-json\/wp\/v2\/types\/page"}],"author":[{"embeddable":true,"href":"https:\/\/sembolins.com\/index.php\/wp-json\/wp\/v2\/users\/1"}],"replies":[{"embeddable":true,"href":"https:\/\/sembolins.com\/index.php\/wp-json\/wp\/v2\/comments?post=2244"}],"version-history":[{"count":0,"href":"https:\/\/sembolins.com\/index.php\/wp-json\/wp\/v2\/pages\/2244\/revisions"}],"wp:attachment":[{"href":"https:\/\/sembolins.com\/index.php\/wp-json\/wp\/v2\/media?parent=2244"}],"curies":[{"name":"wp","href":"https:\/\/api.w.org\/{rel}","templated":true}]}}