{"id":1903,"date":"2015-11-29T02:03:17","date_gmt":"2015-11-29T02:03:17","guid":{"rendered":"http:\/\/klbtheme.com\/invento\/?page_id=1903"},"modified":"2022-12-11T09:22:02","modified_gmt":"2022-12-11T09:22:02","slug":"headers","status":"publish","type":"page","link":"https:\/\/sembolins.com\/index.php\/headers\/","title":{"rendered":"Headers"},"content":{"rendered":"<section class=\"wpb-content-wrapper\"><p>[vc_row css=&#8221;.vc_custom_1448780163141{margin-bottom: 30px !important;}&#8221;][vc_column][vc_column_text]<\/p>\n<p style=\"text-align: center;\"><strong>HAKKIMIZDA<\/strong><\/p>\n<p>T\u00fcrkiye ve yurtd\u0131\u015f\u0131nda tamamlad\u0131\u011f\u0131 s\u0131rad\u0131\u015f\u0131 yap\u0131lar\u0131 ve etkileyici projeleriyle bilinen Sembol \u0130n\u015faat, 2000 y\u0131l\u0131nda kurulu\u015fundan bu yana, \u00f6nemli eserler in\u015fa etmi\u015f, faaliyetlerini d\u00fcnyan\u0131n farkl\u0131 b\u00f6lgelerine ta\u015f\u0131yarak, karma\u015f\u0131k ve zorlu projeleri belirlenen b\u00fct\u00e7eler dahilinde ve k\u0131s\u0131tl\u0131 s\u00fcre i\u00e7erisinde ger\u00e7ekle\u015ftirmeyi ba\u015farm\u0131\u015f bir kurumdur.<\/p>\n<p>Sembol \u0130n\u015faat; T\u00fcrkiye, Kazakistan, Rusya, Ukrayna, H\u0131rvatistan, Birle\u015fik Arap Emirlikleri ve Libya\u2019da, toplam in\u015faat alan\u0131 1.3 milyon metrekareyi a\u015fan be\u015f y\u0131ld\u0131zl\u0131 otel ve tatil k\u00f6y\u00fc projeleri, al\u0131\u015fveri\u015f ve e\u011flence merkezleri, spor salonlar\u0131, k\u00fclt\u00fcrel ve e\u011fitimsel \u015fehir simgeleri, i\u015f ve medya kuleleri, kongre ve konferans merkezleri ve di\u011fer \u00e7ok ama\u00e7l\u0131 projeleri tamamlam\u0131\u015ft\u0131r.<\/p>\n<p>Kendi alan\u0131nda uzman ve d\u00fcnyan\u0131n en \u00f6nemli mimarl\u0131k ve in\u015faat \u015firketleriyle i\u015fbirli\u011fi yaparak, projeleri \u2018\u2019Tasarla-\u0130n\u015fa et,Y\u00f6net\u2019\u2019 vizyonuyla t\u00fcm etaplar\u0131 ger\u00e7ekle\u015ftiren Sembol \u0130n\u015faat, yenilik\u00e7i teknolojileri de kullanarak \u00fcst\u00fcn kalite servis donan\u0131mlar\u0131yla sekt\u00f6re \u00f6nc\u00fcl\u00fck etmektedir.<\/p>\n<p>6000\u2019den fazla profesyonel \u00e7al\u0131\u015fan\u0131 ile birlikte, Mimarl\u0131k ve m\u00fchendislik \u00e7izimlerinden yap\u0131n\u0131n tamamlanmas\u0131na kadar olan s\u00fcre\u00e7leri y\u00f6neten Sembol \u0130n\u015faat, bu sayede \u00e7ok b\u00fcy\u00fck \u00f6l\u00e7ekte projeleri zaman\u0131nda, yap\u0131sal b\u00fct\u00fcnl\u00fc\u011f\u00fc sa\u011flayarak, tamamen i\u015fler halde ve anahtar teslim olarak tamamlamak \u00fczere faaliyetlerini s\u00fcrd\u00fcrmektedir.[\/vc_column_text][vc_separator][\/vc_column][\/vc_row][vc_row][vc_column width=&#8221;1\/2&#8243;][vc_column_text]<\/p>\n<h2 style=\"text-align: center;\"><strong>V\u0130ZYON<\/strong><\/h2>\n<p>\u0130mza att\u0131\u011f\u0131 etkileyici ve s\u0131rad\u0131\u015f\u0131 projelerle en yenilik\u00e7i, en h\u0131zl\u0131 ve kaliteden \u00f6d\u00fcn vermeyen yap\u0131s\u0131yla d\u00fcnyan\u0131n en iyi in\u015faat \u015firketlerinden biri olmak.[\/vc_column_text][\/vc_column][vc_column width=&#8221;1\/2&#8243;][vc_column_text]<\/p>\n<h2 style=\"text-align: center;\"><strong>M\u0130SYON<\/strong><\/h2>\n<p>Kalite, h\u0131z, y\u00fcksek teknoloji ve i\u015f g\u00fcvenli\u011fi gibi temel unsurlar nezdinde proje geli\u015ftirmek, in\u015fa etmek ve m\u00fc\u015fteri memnuniyeti \u00e7er\u00e7evesinde tamamlayarak teslim etmek.[\/vc_column_text][\/vc_column][\/vc_row][vc_row][vc_column][vc_separator][vc_column_text]<\/p>\n<h2 style=\"text-align: center;\"><strong>DE\u011eERLER\u0130M\u0130Z<\/strong><\/h2>\n<p>[\/vc_column_text][vc_row_inner][vc_column_inner width=&#8221;1\/2&#8243;][vc_column_text]<\/p>\n<h4 class=\"w-iconbox-title\" style=\"text-align: center;\">D\u00dcR\u00dcSTL\u00dcK ve B\u00dcT\u00dcNL\u00dcK<\/h4>\n<div class=\"wpb_text_column \">\n<div class=\"wpb_wrapper\">\n<div class=\"wpb_text_column\">\n<div class=\"wpb_wrapper\">\n<div class=\"w-iconbox-text\">\u00c7al\u0131\u015fanlar\u0131m\u0131z,m\u00fc\u015fterilerimiz, meslekta\u015flar\u0131m\u0131z, mal ve hizmet ald\u0131\u011f\u0131m\u0131z yurti\u00e7i ve yurtd\u0131\u015f\u0131 kurulu\u015flar, i\u00e7inde bulundu\u011fumuz toplum ve ili\u015fkide oldu\u011fumuz devlet birimleri ile d\u00fcr\u00fcstl\u00fc\u011fe dayal\u0131 etik bir i\u015f birli\u011fi sa\u011flar\u0131z.<\/div>\n<\/div>\n<\/div>\n<\/div>\n<\/div>\n<p>[\/vc_column_text][vc_column_text]<\/p>\n<h4 class=\"w-iconbox-title\" style=\"text-align: center;\">YEN\u0130L\u0130K\u00c7\u0130L\u0130K<\/h4>\n<div class=\"wpb_text_column \">\n<div class=\"wpb_wrapper\">\n<div class=\"wpb_text_column \">\n<div class=\"wpb_wrapper\">\n<div class=\"w-iconbox-text\">Yenilik\u00e7ilik faaliyet g\u00f6sterdi\u011fimiz alanda ba\u015far\u0131m\u0131z\u0131n s\u00fcreklili\u011fini sa\u011flamak ve fark yaratmak i\u00e7in bizim i\u00e7in \u00f6nemli bir de\u011ferdir. Yeni fikirlere ve yarat\u0131c\u0131l\u0131\u011fa kar\u015f\u0131 yap\u0131c\u0131 yakla\u015f\u0131r, te\u015fvik eder ve \u00f6d\u00fcllendiririz. M\u00fc\u015fterilerimiz ile birlikte hareket ederek yenilik\u00e7ili\u011fimizi onlar\u0131n beklentilerini kar\u015f\u0131lamak ve a\u015fmak amac\u0131yla kullan\u0131r\u0131z.<\/div>\n<\/div>\n<\/div>\n<\/div>\n<\/div>\n<p>[\/vc_column_text][vc_column_text]<\/p>\n<h4 class=\"w-iconbox-title\" style=\"text-align: center;\">OPERASYONEL M\u00dcKEMMELL\u0130K<\/h4>\n<p>Operasyonel s\u00fcre\u00e7lerimizde, s\u00fcrekli olarak de\u011fi\u015fen ve geli\u015fen d\u00fcnya standartlar\u0131ndaki \u00fcr\u00fcn ve teknolojileri sunmak, yeni projeler olu\u015fturmak ve hizmet kalitemizi s\u00fcrekli geli\u015ftirmek bizim i\u00e7in \u00f6nemli bir unsurdur. Ayn\u0131 zamanda M\u00fc\u015fterilerimize en uygun maliyetlerde eserler ortaya \u00e7\u0131karmak ana hedefimizdir.<\/p>\n<p>[\/vc_column_text][\/vc_column_inner][vc_column_inner width=&#8221;1\/2&#8243;][vc_column_text]<\/p>\n<div class=\"wpb_text_column \">\n<div class=\"wpb_wrapper\">\n<h4 class=\"w-iconbox-title\" style=\"text-align: center;\">S\u00dcREKL\u0130 \u0130Y\u0130LE\u015eT\u0130RME<\/h4>\n<p>\u00c7al\u0131\u015fanlar\u0131m\u0131z\u0131 s\u00fcrekli \u00f6\u011frenmeye te\u015fvik eder ve ki\u015fisel geli\u015fimi i\u00e7in destekleyecek ortamlar\u0131 haz\u0131rlar\u0131z.<\/p><\/div>\n<\/div>\n<p>[\/vc_column_text][vc_column_text]<\/p>\n<h4 class=\"w-iconbox-title\" style=\"text-align: center;\">KAL\u0130TE<\/h4>\n<div class=\"wpb_text_column \">\n<div class=\"wpb_wrapper\">\n<div class=\"wpb_text_column \">\n<div class=\"wpb_wrapper\">\n<div class=\"w-iconbox-text\">Sembol \u0130n\u015faat\u2019\u0131n kalite anlay\u0131\u015f\u0131 m\u00fc\u015fterilerimizin beklentilerinin \u00fczerinde her zaman en iyiyi yapma hedefimiz do\u011frultusunda temel \u015firket prensibimizdir.<\/div>\n<\/div>\n<\/div>\n<\/div>\n<\/div>\n<p>[\/vc_column_text][vc_column_text]<\/p>\n<h4 class=\"w-iconbox-title\" style=\"text-align: center;\">PERSONEL<\/h4>\n<p>Farkl\u0131 k\u00fclt\u00fcrel ortamlardan gelen personelimiz bir araya gelerek \u015firket resmimizi olu\u015fturur. \u0130leti\u015fimimiz a\u00e7\u0131k, s\u0131k ve sayg\u0131l\u0131d\u0131r. Birbirimize de\u011fer verir, dinler, fikirlere yap\u0131c\u0131 yakla\u015f\u0131r, de\u011ferlendirir ve mutlaka cevapland\u0131r\u0131r\u0131z.<\/p>\n<p>Sembol \u0130n\u015faat\u2019\u0131n ba\u015far\u0131l\u0131 bir \u015firket olmas\u0131, hepimizin ortak hedefidir. Bu ortak hedefimiz do\u011frultusunda hepimizin bir arada bir tak\u0131m oldu\u011fu bilincini ta\u015f\u0131r\u0131z. Tak\u0131m \u00e7al\u0131\u015fmalar\u0131 sayesinde karar verme s\u00fcrecimizin kalite ve h\u0131z kazanaca\u011f\u0131na, tecr\u00fcbe ve iyi uygulamalar\u0131n yayg\u0131nla\u015faca\u011f\u0131na, ba\u015farma hissinin hakim olaca\u011f\u0131na ve devaml\u0131 \u00f6\u011frenen kurum ve ki\u015filer haline gelerek daima bir ad\u0131m \u00f6nde olaca\u011f\u0131m\u0131za inan\u0131r\u0131z.[\/vc_column_text][\/vc_column_inner][\/vc_row_inner][vc_separator][vc_column_text]<\/p>\n<h2 style=\"text-align: center;\"><strong>SERT\u0130F\u0130KALARIMIZ<\/strong><\/h2>\n<p>[\/vc_column_text][vc_gallery type=&#8221;image_grid&#8221; images=&#8221;2321,2322,2323,2402,2403&#8243;][\/vc_column][\/vc_row]<\/p>\n<\/section>","protected":false},"excerpt":{"rendered":"<p>[vc_row css=&#8221;.vc_custom_1448780163141{margin-bottom: 30px !important;}&#8221;][vc_column][vc_column_text] HAKKIMIZDA T\u00fcrkiye ve yurtd\u0131\u015f\u0131nda tamamlad\u0131\u011f\u0131 s\u0131rad\u0131\u015f\u0131 yap\u0131lar\u0131 ve etkileyici projeleriyle bilinen Sembol \u0130n\u015faat, 2000 y\u0131l\u0131nda kurulu\u015fundan bu yana, \u00f6nemli eserler in\u015fa etmi\u015f, faaliyetlerini d\u00fcnyan\u0131n farkl\u0131 b\u00f6lgelerine ta\u015f\u0131yarak, karma\u015f\u0131k ve zorlu projeleri belirlenen b\u00fct\u00e7eler dahilinde ve k\u0131s\u0131tl\u0131 s\u00fcre i\u00e7erisinde ger\u00e7ekle\u015ftirmeyi ba\u015farm\u0131\u015f bir kurumdur. Sembol \u0130n\u015faat; T\u00fcrkiye, Kazakistan, Rusya, Ukrayna, H\u0131rvatistan, Birle\u015fik Arap<\/p>\n<div class=\"bottom-meta\">\n  <a href=\"https:\/\/sembolins.com\/index.php\/headers\/\"><span class=\"text-more\">Read More<\/span><\/a><\/div>\n","protected":false},"author":1,"featured_media":0,"parent":0,"menu_order":0,"comment_status":"closed","ping_status":"closed","template":"","meta":[],"_links":{"self":[{"href":"https:\/\/sembolins.com\/index.php\/wp-json\/wp\/v2\/pages\/1903"}],"collection":[{"href":"https:\/\/sembolins.com\/index.php\/wp-json\/wp\/v2\/pages"}],"about":[{"href":"https:\/\/sembolins.com\/index.php\/wp-json\/wp\/v2\/types\/page"}],"author":[{"embeddable":true,"href":"https:\/\/sembolins.com\/index.php\/wp-json\/wp\/v2\/users\/1"}],"replies":[{"embeddable":true,"href":"https:\/\/sembolins.com\/index.php\/wp-json\/wp\/v2\/comments?post=1903"}],"version-history":[{"count":9,"href":"https:\/\/sembolins.com\/index.php\/wp-json\/wp\/v2\/pages\/1903\/revisions"}],"predecessor-version":[{"id":2404,"href":"https:\/\/sembolins.com\/index.php\/wp-json\/wp\/v2\/pages\/1903\/revisions\/2404"}],"wp:attachment":[{"href":"https:\/\/sembolins.com\/index.php\/wp-json\/wp\/v2\/media?parent=1903"}],"curies":[{"name":"wp","href":"https:\/\/api.w.org\/{rel}","templated":true}]}}