{"id":1809,"date":"2015-11-28T13:56:03","date_gmt":"2015-11-28T13:56:03","guid":{"rendered":"http:\/\/klbtheme.com\/invento\/?page_id=1809"},"modified":"2022-12-11T10:01:12","modified_gmt":"2022-12-11T10:01:12","slug":"contact","status":"publish","type":"page","link":"https:\/\/sembolins.com\/index.php\/contact\/","title":{"rendered":"Contact"},"content":{"rendered":"<section class=\"wpb-content-wrapper\"><p>[vc_row css=&#8221;.vc_custom_1448725974754{padding-top: 80px !important;}&#8221;][vc_column css=&#8221;.vc_custom_1448726195700{margin-bottom: 30px !important;}&#8221;]<div class=\"section-title opacity\"><h3><\/p>\n<div class=\"wpb_text_column \">\n<div class=\"wpb_wrapper\">\n<h3>\u0130leti\u015fim<\/h3>\n<\/div>\n<\/div>\n<p><\/h3><h4><\/h4><\/div>[\/vc_column][vc_column width=&#8221;1\/2&#8243; css=&#8221;.vc_custom_1448741173023{margin-bottom: 35px !important;}&#8221;][vc_column_text]<\/p>\n<p class=\"contact-info\"><strong>\u0130leti\u015fim Bilgileri<\/strong><\/p>\n<h4><\/h4>\n<div class=\"textwidget contact-info\">\n<p><i class=\"icon-location-2\"><\/i>\u00a0 \u00a0 \u00a0 Harbiye Mah. Dar\u00fclbedai Cad. Istanbul Kongre Merkezi No:3 \u015ei\u015fli \/ \u0130stanbul \/ T\u00fcrkiye<\/p>\n<p><i class=\"icon-phone-2\"><\/i>\u00a0 \u00a0 \u00a0 Call: +90 212 375 19 00<\/p>\n<p><i class=\" icon-mail-5\"><\/i>\u00a0 \u00a0 \u00a0 E-mail: <a href=\"mailto:info@sembolinsaat.com.tr\">info@sembolinsaat.com.tr<\/a><\/p>\n<\/div>\n<p>[\/vc_column_text][vc_raw_html]JTNDYSUyMGhyZWYlM0QlMjJodHRwcyUzQSUyRiUyRnd3dy5mYWNlYm9vay5jb20lMkZzZW1ib2xpbnNhYXQlMjIlMjB0YXJnZXQlM0QlMjJfYmxhbmslMjIlMjBjbGFzcyUzRCUyMmZhY2Vib29rJTIyJTNFJTNDaSUyMGNsYXNzJTNEJTIyZmElMjBmYS1mYWNlYm9vayUyMiUyMGFyaWEtaGlkZGVuJTNEJTIydHJ1ZSUyMiUzRSUzQyUyRmklM0UlM0MlMkZhJTNFJTBBJTIwJTIwJTIwJTIwJTIwJTIwJTBBJTIwJTIwJTIwJTIwJTNDYSUyMGhyZWYlM0QlMjJodHRwJTNBJTJGJTJGaW5zdGFncmFtLmNvbSUyRnNtbF9jb25zdHJ1Y3Rpb24lMjIlMjB0YXJnZXQlM0QlMjJfYmxhbmslMjIlMjBjbGFzcyUzRCUyMmluc3RhZ3JhbSUyMiUzRSUzQ2klMjBjbGFzcyUzRCUyMmZhJTIwZmEtaW5zdGFncmFtJTIyJTIwYXJpYS1oaWRkZW4lM0QlMjJ0cnVlJTIyJTNFJTNDJTJGaSUzRSUzQyUyRmElM0UlMEElMjAlMjAlMjAlMjAlMjAlMjAlM0NhJTIwaHJlZiUzRCUyMmh0dHBzJTNBJTJGJTJGd3d3LmxpbmtlZGluLmNvbSUyRmNvbXBhbnklMkZzZW1ib2wtY29uc3RydWN0dWlvbiUyRm15Y29tcGFueSUyRiUyMiUyMHRhcmdldCUzRCUyMl9ibGFuayUyMiUyMGNsYXNzJTNEJTIybGlua2VkaW4lMjIlMjAlM0UlM0NpJTIwY2xhc3MlM0QlMjJmYSUyMGZhLWxpbmtlZGluJTIyJTIwYXJpYS1oaWRkZW4lM0QlMjJ0cnVlJTIyJTNFJTNDJTJGaSUzRSUzQyUyRmElM0UlMEElMjAlMjAlMjAlMjAlMjAlMjAlM0NhJTIwaHJlZiUzRCUyMmh0dHBzJTNBJTJGJTJGd3d3LnlvdXR1YmUuY29tJTJGY2hhbm5lbCUyRlVDcVd4OExzNTd3VC0wbzRZNGdCMkQyZyUyMiUyMHRhcmdldCUzRCUyMl9ibGFuayUyMiUyMGNsYXNzJTNEJTIyeW91dHViZSUyMiUzRSUzQ2klMjBjbGFzcyUzRCUyMmZhJTIwZmEteW91dHViZSUyMiUyMGFyaWEtaGlkZGVuJTNEJTIydHJ1ZSUyMiUzRSUzQyUyRmklM0UlM0MlMkZhJTNF[\/vc_raw_html]<div role=\"form\" class=\"wpcf7\" id=\"wpcf7-f7-o1\" lang=\"en-US\" dir=\"ltr\">\n<div class=\"screen-reader-response\"><p role=\"status\" aria-live=\"polite\" aria-atomic=\"true\"><\/p> <ul><\/ul><\/div>\n<form action=\"\/index.php\/wp-json\/wp\/v2\/pages\/1809#wpcf7-f7-o1\" method=\"post\" class=\"wpcf7-form init\" novalidate=\"novalidate\" data-status=\"init\">\n<div style=\"display: none;\">\n<input type=\"hidden\" name=\"_wpcf7\" value=\"7\" \/>\n<input type=\"hidden\" name=\"_wpcf7_version\" value=\"5.6.4\" \/>\n<input type=\"hidden\" name=\"_wpcf7_locale\" value=\"en_US\" \/>\n<input type=\"hidden\" name=\"_wpcf7_unit_tag\" value=\"wpcf7-f7-o1\" \/>\n<input type=\"hidden\" name=\"_wpcf7_container_post\" value=\"0\" \/>\n<input type=\"hidden\" name=\"_wpcf7_posted_data_hash\" value=\"\" \/>\n<\/div>\n<p><label> Ad\u0131n\u0131z<br \/>\n    <span class=\"wpcf7-form-control-wrap\" data-name=\"your-name\"><input type=\"text\" name=\"your-name\" value=\"\" size=\"40\" class=\"wpcf7-form-control wpcf7-text wpcf7-validates-as-required\" aria-required=\"true\" aria-invalid=\"false\" \/><\/span> <\/label><\/p>\n<p><label> E-posta Adresiniz    <span class=\"wpcf7-form-control-wrap\" data-name=\"your-email\"><input type=\"email\" name=\"your-email\" value=\"\" size=\"40\" class=\"wpcf7-form-control wpcf7-text wpcf7-email wpcf7-validates-as-required wpcf7-validates-as-email\" aria-required=\"true\" aria-invalid=\"false\" \/><\/span> <\/label><\/p>\n<p><label> Konu<br \/>\n    <span class=\"wpcf7-form-control-wrap\" data-name=\"your-subject\"><input type=\"text\" name=\"your-subject\" value=\"\" size=\"40\" class=\"wpcf7-form-control wpcf7-text wpcf7-validates-as-required\" aria-required=\"true\" aria-invalid=\"false\" \/><\/span> <\/label><\/p>\n<p><label> Mesaj (optional)<br \/>\n    <span class=\"wpcf7-form-control-wrap\" data-name=\"your-message\"><textarea name=\"your-message\" cols=\"40\" rows=\"10\" class=\"wpcf7-form-control wpcf7-textarea\" aria-invalid=\"false\"><\/textarea><\/span> <\/label><\/p>\n<p><input type=\"submit\" value=\"Submit\" class=\"wpcf7-form-control has-spinner wpcf7-submit\" \/><\/p>\n<div class=\"wpcf7-response-output\" aria-hidden=\"true\"><\/div><\/form><\/div>[\/vc_column][vc_column width=&#8221;1\/2&#8243;][vc_raw_html]JTNDaWZyYW1lJTIwc3JjJTNEJTIyaHR0cHMlM0ElMkYlMkZ3d3cuZ29vZ2xlLmNvbSUyRm1hcHMlMkZlbWJlZCUzRnBiJTNEJTIxMW0xNCUyMTFtOCUyMTFtMyUyMTFkNjAxOC4xNDgwNzU2MTQ4ODUlMjEyZDI4Ljk4ODAyNDAyMjkyNTY1NyUyMTNkNDEuMDQ1NTA5OTc3MzA0MDY0JTIxM20yJTIxMWkxMDI0JTIxMmk3NjglMjE0ZjEzLjElMjEzbTMlMjExbTIlMjExczB4MCUyNTNBMHhkZTdkYmQ4Zjk3MDhiMThmJTIxMnNTZW1ib2wlMjUyMFVsdXNsYXJhcmFzaSUyNTIwWWF0aXJpbSUyNTIwVGFyaW0lMjUyMFBleXphaiUyNTIwSW5zYWF0JTI1MjBUdXJpem0lMjUyMFNhbmF5aSUyNTIwVmUlMjUyMFRpY2FyZXQlMjUyMEElMjUyMFMlMjE1ZTAlMjEzbTIlMjExc3RyJTIxMnN0ciUyMTR2MTY3MDU3MjY0ODMwNCUyMTVtMiUyMTFzdHIlMjEyc3RyJTIyJTIwd2lkdGglM0QlMjI2MDAlMjIlMjBoZWlnaHQlM0QlMjI3MDAlMjIlMjBzdHlsZSUzRCUyMmJvcmRlciUzQTAlM0IlMjIlMjBhbGxvd2Z1bGxzY3JlZW4lM0QlMjIlMjIlMjBsb2FkaW5nJTNEJTIybGF6eSUyMiUyMHJlZmVycmVycG9saWN5JTNEJTIybm8tcmVmZXJyZXItd2hlbi1kb3duZ3JhZGUlMjIlM0UlM0MlMkZpZnJhbWUlM0U=[\/vc_raw_html][\/vc_column][\/vc_row]<\/p>\n<\/section>","protected":false},"excerpt":{"rendered":"<p>[vc_row css=&#8221;.vc_custom_1448725974754{padding-top: 80px !important;}&#8221;][vc_column css=&#8221;.vc_custom_1448726195700{margin-bottom: 30px !important;}&#8221;][\/vc_column][vc_column width=&#8221;1\/2&#8243; css=&#8221;.vc_custom_1448741173023{margin-bottom: 35px !important;}&#8221;][vc_column_text] \u0130leti\u015fim Bilgileri \u00a0 \u00a0 \u00a0 Harbiye Mah. Dar\u00fclbedai Cad. Istanbul Kongre Merkezi No:3 \u015ei\u015fli \/ \u0130stanbul \/ T\u00fcrkiye \u00a0 \u00a0 \u00a0 Call: +90 212 375 19 00 \u00a0 \u00a0 \u00a0 E-mail: info@sembolinsaat.com.tr [\/vc_column_text][vc_raw_html]JTNDYSUyMGhyZWYlM0QlMjJodHRwcyUzQSUyRiUyRnd3dy5mYWNlYm9vay5jb20lMkZzZW1ib2xpbnNhYXQlMjIlMjB0YXJnZXQlM0QlMjJfYmxhbmslMjIlMjBjbGFzcyUzRCUyMmZhY2Vib29rJTIyJTNFJTNDaSUyMGNsYXNzJTNEJTIyZmElMjBmYS1mYWNlYm9vayUyMiUyMGFyaWEtaGlkZGVuJTNEJTIydHJ1ZSUyMiUzRSUzQyUyRmklM0UlM0MlMkZhJTNFJTBBJTIwJTIwJTIwJTIwJTIwJTIwJTBBJTIwJTIwJTIwJTIwJTNDYSUyMGhyZWYlM0QlMjJodHRwJTNBJTJGJTJGaW5zdGFncmFtLmNvbSUyRnNtbF9jb25zdHJ1Y3Rpb24lMjIlMjB0YXJnZXQlM0QlMjJfYmxhbmslMjIlMjBjbGFzcyUzRCUyMmluc3RhZ3JhbSUyMiUzRSUzQ2klMjBjbGFzcyUzRCUyMmZhJTIwZmEtaW5zdGFncmFtJTIyJTIwYXJpYS1oaWRkZW4lM0QlMjJ0cnVlJTIyJTNFJTNDJTJGaSUzRSUzQyUyRmElM0UlMEElMjAlMjAlMjAlMjAlMjAlMjAlM0NhJTIwaHJlZiUzRCUyMmh0dHBzJTNBJTJGJTJGd3d3LmxpbmtlZGluLmNvbSUyRmNvbXBhbnklMkZzZW1ib2wtY29uc3RydWN0dWlvbiUyRm15Y29tcGFueSUyRiUyMiUyMHRhcmdldCUzRCUyMl9ibGFuayUyMiUyMGNsYXNzJTNEJTIybGlua2VkaW4lMjIlMjAlM0UlM0NpJTIwY2xhc3MlM0QlMjJmYSUyMGZhLWxpbmtlZGluJTIyJTIwYXJpYS1oaWRkZW4lM0QlMjJ0cnVlJTIyJTNFJTNDJTJGaSUzRSUzQyUyRmElM0UlMEElMjAlMjAlMjAlMjAlMjAlMjAlM0NhJTIwaHJlZiUzRCUyMmh0dHBzJTNBJTJGJTJGd3d3LnlvdXR1YmUuY29tJTJGY2hhbm5lbCUyRlVDcVd4OExzNTd3VC0wbzRZNGdCMkQyZyUyMiUyMHRhcmdldCUzRCUyMl9ibGFuayUyMiUyMGNsYXNzJTNEJTIyeW91dHViZSUyMiUzRSUzQ2klMjBjbGFzcyUzRCUyMmZhJTIwZmEteW91dHViZSUyMiUyMGFyaWEtaGlkZGVuJTNEJTIydHJ1ZSUyMiUzRSUzQyUyRmklM0UlM0MlMkZhJTNF[\/vc_raw_html][\/vc_column][vc_column width=&#8221;1\/2&#8243;][vc_raw_html]JTNDaWZyYW1lJTIwc3JjJTNEJTIyaHR0cHMlM0ElMkYlMkZ3d3cuZ29vZ2xlLmNvbSUyRm1hcHMlMkZlbWJlZCUzRnBiJTNEJTIxMW0xNCUyMTFtOCUyMTFtMyUyMTFkNjAxOC4xNDgwNzU2MTQ4ODUlMjEyZDI4Ljk4ODAyNDAyMjkyNTY1NyUyMTNkNDEuMDQ1NTA5OTc3MzA0MDY0JTIxM20yJTIxMWkxMDI0JTIxMmk3NjglMjE0ZjEzLjElMjEzbTMlMjExbTIlMjExczB4MCUyNTNBMHhkZTdkYmQ4Zjk3MDhiMThmJTIxMnNTZW1ib2wlMjUyMFVsdXNsYXJhcmFzaSUyNTIwWWF0aXJpbSUyNTIwVGFyaW0lMjUyMFBleXphaiUyNTIwSW5zYWF0JTI1MjBUdXJpem0lMjUyMFNhbmF5aSUyNTIwVmUlMjUyMFRpY2FyZXQlMjUyMEElMjUyMFMlMjE1ZTAlMjEzbTIlMjExc3RyJTIxMnN0ciUyMTR2MTY3MDU3MjY0ODMwNCUyMTVtMiUyMTFzdHIlMjEyc3RyJTIyJTIwd2lkdGglM0QlMjI2MDAlMjIlMjBoZWlnaHQlM0QlMjI3MDAlMjIlMjBzdHlsZSUzRCUyMmJvcmRlciUzQTAlM0IlMjIlMjBhbGxvd2Z1bGxzY3JlZW4lM0QlMjIlMjIlMjBsb2FkaW5nJTNEJTIybGF6eSUyMiUyMHJlZmVycmVycG9saWN5JTNEJTIybm8tcmVmZXJyZXItd2hlbi1kb3duZ3JhZGUlMjIlM0UlM0MlMkZpZnJhbWUlM0U=[\/vc_raw_html][\/vc_column][\/vc_row]<\/p>\n","protected":false},"author":1,"featured_media":0,"parent":0,"menu_order":0,"comment_status":"closed","ping_status":"closed","template":"","meta":[],"_links":{"self":[{"href":"https:\/\/sembolins.com\/index.php\/wp-json\/wp\/v2\/pages\/1809"}],"collection":[{"href":"https:\/\/sembolins.com\/index.php\/wp-json\/wp\/v2\/pages"}],"about":[{"href":"https:\/\/sembolins.com\/index.php\/wp-json\/wp\/v2\/types\/page"}],"author":[{"embeddable":true,"href":"https:\/\/sembolins.com\/index.php\/wp-json\/wp\/v2\/users\/1"}],"replies":[{"embeddable":true,"href":"https:\/\/sembolins.com\/index.php\/wp-json\/wp\/v2\/comments?post=1809"}],"version-history":[{"count":21,"href":"https:\/\/sembolins.com\/index.php\/wp-json\/wp\/v2\/pages\/1809\/revisions"}],"predecessor-version":[{"id":2425,"href":"https:\/\/sembolins.com\/index.php\/wp-json\/wp\/v2\/pages\/1809\/revisions\/2425"}],"wp:attachment":[{"href":"https:\/\/sembolins.com\/index.php\/wp-json\/wp\/v2\/media?parent=1809"}],"curies":[{"name":"wp","href":"https:\/\/api.w.org\/{rel}","templated":true}]}}