{"id":1506,"date":"2015-11-24T07:23:20","date_gmt":"2015-11-24T07:23:20","guid":{"rendered":"http:\/\/klbtheme.com\/invento\/?page_id=1506"},"modified":"2022-12-11T09:41:29","modified_gmt":"2022-12-11T09:41:29","slug":"services","status":"publish","type":"page","link":"https:\/\/sembolins.com\/index.php\/services\/","title":{"rendered":"Services"},"content":{"rendered":"<section class=\"wpb-content-wrapper\"><p>[vc_row][vc_column]<div class=\"section-title opacity\"><h3>Faaliyet Alanlar\u0131<\/h3><h4><\/h4><\/div>[\/vc_column][\/vc_row][vc_row][vc_column width=&#8221;1\/2&#8243; css=&#8221;.vc_custom_1448635363593{padding-bottom: 30px !important;}&#8221;]<div class=\"service-article opacity\"><div class=\"service-image\"><div class=\"work-item lazy-image img\"><div class=\"lazy\"><i  class=\"G G_1\"><\/i><i  class=\"G G_2\"><\/i><i  class=\"G G_3\"><\/i><i  class=\"G G_4\"><\/i><i  class=\"G G_5\"><\/i><i  class=\"G G_6\"><\/i><i  class=\"G G_7\"><\/i><i  class=\"G G_8\"><\/i><\/div><img src=\"https:\/\/sembolins.com\/wp-content\/uploads\/2022\/12\/service1.png\" alt=\"\u0130HALE Y\u00d6NET\u0130M\u0130\" \/><div class=\"image-extra\"><\/div><!--\/ .image-extra--><\/div><!--\/ .work-item--><\/div><div class=\"service-description\"><a href=\"http:\/\/themeforest.net\/user\/klbtheme\/portfolio\" target=\"_blank\" title=\"klbtheme\"><h4 class=\"service-description-tite\">\u0130HALE Y\u00d6NET\u0130M\u0130<\/h4><\/a><p>Yurt i\u00e7i ve yurt d\u0131\u015f\u0131nda y\u00fcr\u00fctt\u00fc\u011f\u00fc projelerde Sembol \u0130n\u015faat y\u0131llard\u0131r k\u00fcresel tedarik zinciri organizasyonlar\u0131n\u0131 s\u00f6zle\u015fme hizmetleri kapsam\u0131nda tamamlayarak m\u00fc\u015fterilerine hizmet vermektedir. Proje s\u00fcre\u00e7lerinin y\u00f6netimi; otomasyon ara\u00e7lar\u0131, piyasa verileri, sorumlu sat\u0131n alma, ihtiya\u00e7 duyulmas\u0131 halinde g\u00fcvenilir tedarik\u00e7i ve ta\u015feronlar\u0131n temini ve y\u00f6netimi, hizmetin tamamlanmas\u0131 ve g\u00fcvenli teslimat\u0131, uzman kadro ile zaman\u0131nda ve d\u00fc\u015f\u00fck toplam sahip olma maliyeti m\u00fc\u015fteri ba\u011fl\u0131l\u0131\u011f\u0131 ve memnuniyeti her daim g\u00f6z \u00f6n\u00fcnde bulundurularak y\u00fcr\u00fct\u00fclmektedir.<\/p><\/div><!--\/ .service-description--><\/div><!--\/ .service-article-->[\/vc_column][vc_column width=&#8221;1\/2&#8243;]<div class=\"service-article opacity\"><div class=\"service-image\"><div class=\"work-item lazy-image img\"><div class=\"lazy\"><i  class=\"G G_1\"><\/i><i  class=\"G G_2\"><\/i><i  class=\"G G_3\"><\/i><i  class=\"G G_4\"><\/i><i  class=\"G G_5\"><\/i><i  class=\"G G_6\"><\/i><i  class=\"G G_7\"><\/i><i  class=\"G G_8\"><\/i><\/div><img src=\"https:\/\/sembolins.com\/wp-content\/uploads\/2022\/12\/turnkey-2.jpg\" alt=\"ANAHTAR TESL\u0130M\u0130 \u0130N\u015eAAT S\u00d6ZLE\u015eMELER\u0130\" \/><div class=\"image-extra\"><\/div><!--\/ .image-extra--><\/div><!--\/ .work-item--><\/div><div class=\"service-description\"><a href=\"http:\/\/themeforest.net\/user\/klbtheme\/portfolio\" target=\"_blank\" title=\"klbtheme\"><h4 class=\"service-description-tite\">ANAHTAR TESL\u0130M\u0130 \u0130N\u015eAAT S\u00d6ZLE\u015eMELER\u0130<\/h4><\/a><p>Sembol \u0130n\u015faat, m\u00fc\u015fterilerine en iyi in\u015faat uygulamalar\u0131 ve en iyi \u00e7\u00f6z\u00fcmleri sunmak i\u00e7in; alt y\u00fckleniciler, tasar\u0131mc\u0131lar, dan\u0131\u015fmanlar, \u00f6zel \u015firketler ve kendi uzman ekibiyle birlikte hizmet vermekte, ihtiya\u00e7 halinde bu gruplar\u0131 koordinasyon ve planlama do\u011frultusunda kullanarak anahtar teslimi in\u015faat \u00e7\u00f6z\u00fcmleri sunmaktad\u0131r.<\/p><\/div><!--\/ .service-description--><\/div><!--\/ .service-article-->[\/vc_column][vc_column][vc_separator][vc_row_inner][vc_column_inner width=&#8221;1\/2&#8243;]<div class=\"service-article opacity\"><div class=\"service-image\"><div class=\"work-item lazy-image img\"><div class=\"lazy\"><i  class=\"G G_1\"><\/i><i  class=\"G G_2\"><\/i><i  class=\"G G_3\"><\/i><i  class=\"G G_4\"><\/i><i  class=\"G G_5\"><\/i><i  class=\"G G_6\"><\/i><i  class=\"G G_7\"><\/i><i  class=\"G G_8\"><\/i><\/div><img src=\"https:\/\/sembolins.com\/wp-content\/uploads\/2022\/12\/enginnering.jpg\" alt=\"M\u00dcHEND\u0130SL\u0130K H\u0130ZMETLER\u0130\" \/><div class=\"image-extra\"><\/div><!--\/ .image-extra--><\/div><!--\/ .work-item--><\/div><div class=\"service-description\"><a href=\"http:\/\/themeforest.net\/user\/klbtheme\/portfolio\" target=\"_blank\" title=\"klbtheme\"><h4 class=\"service-description-tite\">M\u00dcHEND\u0130SL\u0130K H\u0130ZMETLER\u0130<\/h4><\/a><p>Sembol \u0130n\u015faat, m\u00fc\u015fterilerine profosyonel kadrosu ve m\u00fchendislik- tasar\u0131m firmalar\u0131 arac\u0131l\u0131\u011f\u0131yla y\u00fcksek m\u00fchendislik hizmeti vermektedir.<br \/>\nTamamlad\u0131\u011f\u0131 anahtar teslim projelerde, ger\u00e7ekle\u015ftirdi\u011fi m\u00fchendislik hizmeti ile b\u00fcy\u00fck bir deneyime sahip olan Sembol \u0130n\u015faat, uluslararas\u0131 m\u00fchendislik ve tasar\u0131m standartlar\u0131n\u0131 yerel kurulu\u015flarda onaylama s\u00fcre\u00e7lerini de i\u015fletir.<\/p><\/div><!--\/ .service-description--><\/div><!--\/ .service-article-->[\/vc_column_inner][vc_column_inner width=&#8221;1\/2&#8243;]<div class=\"service-article opacity\"><div class=\"service-image\"><div class=\"work-item lazy-image img\"><div class=\"lazy\"><i  class=\"G G_1\"><\/i><i  class=\"G G_2\"><\/i><i  class=\"G G_3\"><\/i><i  class=\"G G_4\"><\/i><i  class=\"G G_5\"><\/i><i  class=\"G G_6\"><\/i><i  class=\"G G_7\"><\/i><i  class=\"G G_8\"><\/i><\/div><img src=\"https:\/\/sembolins.com\/wp-content\/uploads\/2022\/12\/Mep.jpg\" alt=\"TEKNOLOJ\u0130 Y\u00d6NET\u0130M\u0130\" \/><div class=\"image-extra\"><\/div><!--\/ .image-extra--><\/div><!--\/ .work-item--><\/div><div class=\"service-description\"><a href=\"http:\/\/themeforest.net\/user\/klbtheme\/portfolio\" target=\"_blank\" title=\"klbtheme\"><h4 class=\"service-description-tite\">TEKNOLOJ\u0130 Y\u00d6NET\u0130M\u0130<\/h4><\/a><p><\/p>\n<section class=\"l-section wpb_row height_auto\">\n<div class=\"l-section-h g-html i-cf\">\n<div class=\"g-cols offset_small\">\n<div class=\"one-half animate_fade d4 animate_start\">\n<div class=\"wpb_text_column \">\n<div class=\"wpb_wrapper\">\n<div class=\"wpb_text_column \">\n<div class=\"wpb_wrapper\">\n<div class=\"wpb_text_column \">\n<div class=\"wpb_wrapper\">\n<p>Sembol \u0130n\u015faat, elektrik, mekanik ve alt yap\u0131 \u00e7al\u0131\u015fmalar\u0131nda kulland\u0131\u011f\u0131 y\u00fcksek teknoloji uygulamalar\u0131yla sekt\u00f6re \u00f6nc\u00fcl\u00fck etmeye devam ediyor.<\/p>\n<\/div>\n<\/div>\n<\/div>\n<\/div>\n<\/div>\n<\/div>\n<\/div>\n<\/div>\n<\/div>\n<\/section>\n<section class=\"l-section wpb_row height_auto\">\n<div class=\"l-section-h g-html i-cf\">\n<div class=\"g-cols offset_small\">\n<div class=\"one-third animate_fade d5 animate_start\"><\/div>\n<\/div>\n<\/div>\n<\/section>\n<p><\/p><\/div><!--\/ .service-description--><\/div><!--\/ .service-article-->[\/vc_column_inner][\/vc_row_inner][vc_separator][\/vc_column][\/vc_row][vc_row][vc_column width=&#8221;1\/3&#8243;]<div class=\"service-article opacity\"><div class=\"service-image\"><div class=\"work-item lazy-image img\"><div class=\"lazy\"><i  class=\"G G_1\"><\/i><i  class=\"G G_2\"><\/i><i  class=\"G G_3\"><\/i><i  class=\"G G_4\"><\/i><i  class=\"G G_5\"><\/i><i  class=\"G G_6\"><\/i><i  class=\"G G_7\"><\/i><i  class=\"G G_8\"><\/i><\/div><img src=\"https:\/\/sembolins.com\/wp-content\/uploads\/2022\/12\/service6.jpg\" alt=\"GENEL M\u00dcTEAHH\u0130TL\u0130K\" \/><div class=\"image-extra\"><\/div><!--\/ .image-extra--><\/div><!--\/ .work-item--><\/div><div class=\"service-description\"><a href=\"http:\/\/themeforest.net\/user\/klbtheme\/portfolio\" target=\"_blank\" title=\"klbtheme\"><h4 class=\"service-description-tite\">GENEL M\u00dcTEAHH\u0130TL\u0130K<\/h4><\/a><p><\/p>\n<div class=\"one-third animate_fade d5 animate_start\">\n<div class=\"wpb_text_column \">\n<div class=\"wpb_wrapper\">\n<div class=\"w-iconbox-text\">\u0130n\u015faat projelerinde b\u00fcy\u00fck deneyime sahip olan Sembol \u0130n\u015faat, 10\u2019dan fazla \u00fclkede genel m\u00fcteahhitlik hizmetleriyle e\u015fsiz eri\u015fim ve uzmanl\u0131\u011fa sahiptir.<\/div>\n<\/div>\n<\/div>\n<\/div>\n<div class=\"one-third animate_fade d5 animate_start\"><\/div>\n<p><\/p><\/div><!--\/ .service-description--><\/div><!--\/ .service-article-->[\/vc_column][vc_column width=&#8221;1\/3&#8243;]<div class=\"service-article opacity\"><div class=\"service-image\"><div class=\"work-item lazy-image img\"><div class=\"lazy\"><i  class=\"G G_1\"><\/i><i  class=\"G G_2\"><\/i><i  class=\"G G_3\"><\/i><i  class=\"G G_4\"><\/i><i  class=\"G G_5\"><\/i><i  class=\"G G_6\"><\/i><i  class=\"G G_7\"><\/i><i  class=\"G G_8\"><\/i><\/div><img src=\"https:\/\/sembolins.com\/wp-content\/uploads\/2022\/12\/service7.jpg\" alt=\"PROJE Y\u00d6NET\u0130M\u0130\" \/><div class=\"image-extra\"><\/div><!--\/ .image-extra--><\/div><!--\/ .work-item--><\/div><div class=\"service-description\"><a href=\"http:\/\/themeforest.net\/user\/klbtheme\/portfolio\" target=\"_blank\" title=\"klbtheme\"><h4 class=\"service-description-tite\">PROJE Y\u00d6NET\u0130M\u0130<\/h4><\/a><p><\/p>\n<div class=\"one-third animate_fade d5 animate_start\">\n<div class=\"wpb_text_column \">\n<div class=\"wpb_wrapper\">\n<div class=\"w-iconbox-text\">\n<p>Sembol \u0130n\u015faat, y\u0131llard\u0131r sa\u011flad\u0131\u011f\u0131 birinci s\u0131n\u0131f in\u015faat proje y\u00f6netimi ile malzeme, ekipman, ta\u015feron ve tedarik\u00e7i hizmeti, binlerce i\u015f\u00e7i ve milyonlarca dolar i\u00e7eren karma\u015f\u0131k i\u015flerin b\u00fct\u00fcn\u00fcn\u00fc ve projelerindeki t\u00fcm operasyonlar\u0131 ba\u015far\u0131yla ger\u00e7ekle\u015ftirerek sekt\u00f6r\u00fcn \u00f6nde gelen firmalar\u0131ndan biri olmu\u015ftur.<\/p>\n<div class=\"w-iconbox-text\"><\/div>\n<\/div>\n<\/div>\n<\/div>\n<\/div>\n<p><\/p><\/div><!--\/ .service-description--><\/div><!--\/ .service-article-->[\/vc_column][vc_column width=&#8221;1\/3&#8243;]<div class=\"service-article opacity\"><div class=\"service-image\"><div class=\"work-item lazy-image img\"><div class=\"lazy\"><i  class=\"G G_1\"><\/i><i  class=\"G G_2\"><\/i><i  class=\"G G_3\"><\/i><i  class=\"G G_4\"><\/i><i  class=\"G G_5\"><\/i><i  class=\"G G_6\"><\/i><i  class=\"G G_7\"><\/i><i  class=\"G G_8\"><\/i><\/div><img src=\"https:\/\/sembolins.com\/wp-content\/uploads\/2022\/12\/13.jpg\" alt=\"TASARIM ve YAPI S\u00d6ZLE\u015eMELER\u0130\" \/><div class=\"image-extra\"><\/div><!--\/ .image-extra--><\/div><!--\/ .work-item--><\/div><div class=\"service-description\"><a href=\"http:\/\/themeforest.net\/user\/klbtheme\/portfolio\" target=\"_blank\" title=\"klbtheme\"><h4 class=\"service-description-tite\">TASARIM ve YAPI S\u00d6ZLE\u015eMELER\u0130<\/h4><\/a><p>Sembol \u0130n\u015faat \u00fcstelendi\u011fi projelerde, m\u00fc\u015fteri ihtiya\u00e7lar\u0131n\u0131 tam \u00f6l\u00e7\u00fcde yerine getirmek i\u00e7in tasar\u0131m hizmetleri vermektedir. D\u00fcnyan\u0131n \u00f6nde gelen mimarl\u0131k firmalar\u0131yla ili\u015fkileri, d\u00fcnyan\u0131n herhangi bir yerinde tasar\u0131m in\u015fa projelerini y\u00fcr\u00fctmede Sembol \u0130n\u015faat\u2019\u0131 e\u015fsiz bir konuma koymaktad\u0131r.<\/p><\/div><!--\/ .service-description--><\/div><!--\/ .service-article-->[\/vc_column][\/vc_row][vc_row][vc_column][\/vc_column][\/vc_row]<\/p>\n<\/section>","protected":false},"excerpt":{"rendered":"<p>[vc_row][vc_column][\/vc_column][\/vc_row][vc_row][vc_column width=&#8221;1\/2&#8243; css=&#8221;.vc_custom_1448635363593{padding-bottom: 30px !important;}&#8221;][\/vc_column][vc_column width=&#8221;1\/2&#8243;][\/vc_column][vc_column][vc_separator][vc_row_inner][vc_column_inner width=&#8221;1\/2&#8243;][\/vc_column_inner][vc_column_inner width=&#8221;1\/2&#8243;][\/vc_column_inner][\/vc_row_inner][vc_separator][\/vc_column][\/vc_row][vc_row][vc_column width=&#8221;1\/3&#8243;][\/vc_column][vc_column width=&#8221;1\/3&#8243;][\/vc_column][vc_column width=&#8221;1\/3&#8243;][\/vc_column][\/vc_row][vc_row][vc_column][\/vc_column][\/vc_row]<\/p>\n","protected":false},"author":1,"featured_media":0,"parent":0,"menu_order":0,"comment_status":"closed","ping_status":"closed","template":"","meta":[],"_links":{"self":[{"href":"https:\/\/sembolins.com\/index.php\/wp-json\/wp\/v2\/pages\/1506"}],"collection":[{"href":"https:\/\/sembolins.com\/index.php\/wp-json\/wp\/v2\/pages"}],"about":[{"href":"https:\/\/sembolins.com\/index.php\/wp-json\/wp\/v2\/types\/page"}],"author":[{"embeddable":true,"href":"https:\/\/sembolins.com\/index.php\/wp-json\/wp\/v2\/users\/1"}],"replies":[{"embeddable":true,"href":"https:\/\/sembolins.com\/index.php\/wp-json\/wp\/v2\/comments?post=1506"}],"version-history":[{"count":15,"href":"https:\/\/sembolins.com\/index.php\/wp-json\/wp\/v2\/pages\/1506\/revisions"}],"predecessor-version":[{"id":2419,"href":"https:\/\/sembolins.com\/index.php\/wp-json\/wp\/v2\/pages\/1506\/revisions\/2419"}],"wp:attachment":[{"href":"https:\/\/sembolins.com\/index.php\/wp-json\/wp\/v2\/media?parent=1506"}],"curies":[{"name":"wp","href":"https:\/\/api.w.org\/{rel}","templated":true}]}}